{"id":1190,"date":"2023-01-24T10:43:10","date_gmt":"2023-01-24T10:43:10","guid":{"rendered":"https:\/\/komarom.egyhazkozseg.hu\/?page_id=1190"},"modified":"2023-01-24T10:52:35","modified_gmt":"2023-01-24T10:52:35","slug":"ekcp","status":"publish","type":"page","link":"https:\/\/komarom.egyhazkozseg.hu\/?page_id=1190","title":{"rendered":"EKCP-KP-1-2022\/3-000997EKCP"},"content":{"rendered":"\n<p>EKCP-KP-1-2022\/3-000997 keret\u00e9ben 400.000ft t\u00e1mogat\u00e1st kapott a gy\u00fclekezet\u00fcnk.  Ezt a gy\u00fclekezet\u00fcnk \u00e9p\u00edt\u00e9s\u00e9re haszn\u00e1ltuk fel, a Tahi gy\u00fclekezeti h\u00e9tv\u00e9g\u00e9n.<\/p>\n\n\n\n<p>R\u00e9szletesen itt olvashatnak a megval\u00f3sult programr\u00f3l:<\/p>\n\n\n\n<figure class=\"wp-block-embed is-type-wp-embed is-provider-komaromi-evangelikus-egyhazkozseg wp-block-embed-komaromi-evangelikus-egyhazkozseg\"><div class=\"wp-block-embed__wrapper\">\nhttps:\/\/komarom.egyhazkozseg.hu\/2022\/05\/19\/kivanom-hogy-mindenben-jol-legyen-dolgod-janos-3-levele-tahi-gyulekezeti-hetvege-2022-05-13-15\/\n<\/div><\/figure>\n\n\n\n<figure class=\"wp-block-embed is-type-wp-embed is-provider-komaromi-evangelikus-egyhazkozseg wp-block-embed-komaromi-evangelikus-egyhazkozseg\"><div class=\"wp-block-embed__wrapper\">\nhttps:\/\/komarom.egyhazkozseg.hu\/2022\/03\/20\/tahi-gyulekezeti-hetvege-2022-05-13-15-online-jelentkezesi-lap\/\n<\/div><\/figure>\n\n\n\n<figure class=\"wp-block-image size-large\"><img fetchpriority=\"high\" decoding=\"async\" width=\"724\" height=\"1024\" src=\"https:\/\/komarom.egyhazkozseg.hu\/wp-content\/uploads\/sites\/55\/2023\/01\/Tahi-gyulekezeti-hetvege-2022-3-2-724x1024.png\" alt=\"\" class=\"wp-image-1200\" srcset=\"https:\/\/komarom.egyhazkozseg.hu\/wp-content\/uploads\/sites\/55\/2023\/01\/Tahi-gyulekezeti-hetvege-2022-3-2-724x1024.png 724w, https:\/\/komarom.egyhazkozseg.hu\/wp-content\/uploads\/sites\/55\/2023\/01\/Tahi-gyulekezeti-hetvege-2022-3-2-212x300.png 212w, https:\/\/komarom.egyhazkozseg.hu\/wp-content\/uploads\/sites\/55\/2023\/01\/Tahi-gyulekezeti-hetvege-2022-3-2-768x1086.png 768w, https:\/\/komarom.egyhazkozseg.hu\/wp-content\/uploads\/sites\/55\/2023\/01\/Tahi-gyulekezeti-hetvege-2022-3-2-1086x1536.png 1086w, https:\/\/komarom.egyhazkozseg.hu\/wp-content\/uploads\/sites\/55\/2023\/01\/Tahi-gyulekezeti-hetvege-2022-3-2-1448x2048.png 1448w, https:\/\/komarom.egyhazkozseg.hu\/wp-content\/uploads\/sites\/55\/2023\/01\/Tahi-gyulekezeti-hetvege-2022-3-2.png 1587w\" sizes=\"(max-width: 724px) 100vw, 724px\" \/><\/figure>\n\n\n\n<p>A szakmai programunk itt el\u00e9rhet\u0151: <\/p>\n\n\n\n<p>A gy\u00fclekezetben elind\u00edtottuk a Kereszt-h\u00edd programot, amiben a csal\u00e1dokat szeretn\u00e9nk bevonni a gy\u00fclekezet k\u00f6z\u00f6ss\u00e9g\u00e9be, ezzel is er\u0151s\u00edteni azt, hogy ebben a k\u00f6zegben is otthonosan \u00e9rezz\u00e9k magukat \u00e9s \u00edgy v\u00e9delmet k\u00edn\u00e1ljunk a csal\u00e1dokat \u00e9r\u0151 neh\u00e9zs\u00e9gekben. Olyan csal\u00e1dias programokat tervez\u00fcnk, ahol a csal\u00e1d v\u00e9delm\u00e9t helyezz\u00fck el\u0151t\u00e9rbe. Fontosnak tartjuk, hogy legyen egy olyan program ahol a csal\u00e1dok egy\u00fctt vehetnek r\u00e9szt, \u00e9s az is fontos sz\u00e1munkra, hogy biztos\u00edtsunk olyan alkalmat, ahol a gyerekekkel \u00e9s feln\u0151ttekkel is k\u00fcl\u00f6n foglalkozunk. A csal\u00e1di h\u00e9tv\u00e9ge alkalm\u00e1val figyel\u00fcnk a csal\u00e1dok speic\u00e1lis ig\u00e9nyeire, \u00edgy lesznek k\u00f6z\u00f6s \u00e9s koroszt\u00e1lyonk\u00e9nti el\u0151ad\u00e1sok,programok, j\u00e1t\u00e9kok stb. A h\u00e9tv\u00e9ge alatt speci\u00e1lisan gyerekek sz\u00e1m\u00e1ra kifejlesztett programj\u00e1t haszn\u00e1lunk. Ebben bibiliai t\u00f6rt\u00e9netek, \u00e9nek tanul\u00e1s, kreat\u00edv k\u00e9zm\u0171vesked\u00e9s \u00e9s k\u00f6z\u00f6ss\u00e9gi j\u00e1t\u00e9k is megtal\u00e1lhat\u00f3 lesz.&nbsp;<\/p>\n\n\n\n<p>Szeretn\u00e9nk akt\u00edvabban nyitni a csal\u00e1dok fel\u00e9, olyan alkalommal, ami a sz\u00fcks\u00e9gleteikre reag\u00e1l. A kismam\u00e1knak a h\u00e9tv\u00e9ge folyam\u00e1n&nbsp;<strong>baba-mama k\u00f6rt<\/strong>; az&nbsp;<strong>\u00f3vod\u00e1soknak kreat\u00edv gyerekfoglakoz\u00e1st<\/strong>; a fiataloknak,&nbsp;<strong>ifj\u00fas\u00e1gi k\u00f6z\u00f6ss\u00e9gi alkalmakat<\/strong>(sport, zene, kult\u00fara, infokommunik\u00e1ci\u00f3s eszk\u00f6z\u00f6k el\u00e9r\u00e9se stb)&nbsp;<strong>a feln\u0151tteknek \u00e9letm\u00f3d\u00e9 vezet\u00e9si el\u0151ad\u00e1sokat<\/strong>&nbsp;tervez\u00fcnk, illetve a teljes k\u00f6z\u00f6ss\u00e9g r\u00e9szv\u00e9tel\u00e9vel csal\u00e1di alkalmakat szeretn\u00e9nk megrendezni. Az akt\u00edv k\u00f6z\u00f6ss\u00e9gi \u00e9letet kihaszn\u00e1lva \u00e9s a helyi evang\u00e9likus gy\u00fclekezettel egy\u00fctt m\u0171k\u00f6dve, \u00f6nk\u00e9ntesek bevonva, v\u00e1lhatnak ezen tervek megval\u00f3s\u00edt\u00e1sra,<\/p>\n\n\n\n<p><strong>C\u00e9lok illeszked\u00e9se a helyi ig\u00e9nyekhez:&nbsp;<\/strong>A projekt c\u00e9lja a k\u00fcl\u00f6nb\u00f6z\u0151 t\u00e1rsadalmi csoportok k\u00f6z\u00f6tti el\u0151\u00edt\u00e9letess\u00e9g \u00e9s a h\u00e1tr\u00e1nyos megk\u00fcl\u00f6nb\u00f6ztet\u00e9s elleni fell\u00e9p\u00e9s, ezzel p\u00e1rhuzamosan h\u00e1tr\u00e1nykompenz\u00e1ci\u00f3 megval\u00f3s\u00edt\u00e1sa, ezeken kereszt\u00fcl a t\u00e1rsadalmi es\u00e9lyteremt\u00e9s \u00e9s egy\u00fctt\u00e9l\u00e9s biztos\u00edt\u00e1sa. A projekt olyan telep\u00fcl\u00e9sen \u00e9s t\u00e9rs\u00e9gben val\u00f3sul meg, ahol a demogr\u00e1fiai \u00e9s gazdas\u00e1gi folyamatok k\u00f6vetkezm\u00e9nyek\u00e9nt fontos a t\u00e1rsadalmi, gazdas\u00e1gi, munkaer\u0151 piaci kih\u00edv\u00e1sok kezel\u00e9se. Ez\u00e9rt is kell aktiviz\u00e1l\u00f3dnia a t\u00e1rsadalmi felel\u0151ss\u00e9gv\u00e1llal\u00e1sra k\u00e9sz tagjainak, hogy a hagyom\u00e1nyos \u00e9rtelemben vett k\u00f6z\u00f6ss\u00e9gi munka kereteit b\u0151v\u00edteni tudja, a ter\u00fclet\u00e9n \u00e9l\u0151k es\u00e9lyeinek jav\u00edt\u00e1sa, teljesk\u00f6r\u0171 t\u00e1rsadalmi r\u00e9szv\u00e9tel\u00e9nek biztos\u00edt\u00e1sa \u00e9rdek\u00e9ben. A projekt azokat a probl\u00e9m\u00e1kat pr\u00f3b\u00e1lja a saj\u00e1t eszk\u00f6zeivel orvosolni, amelyek megjelennek a telep\u00fcl\u00e9s \u00e9s a t\u00e9rs\u00e9g es\u00e9lyegyenl\u0151s\u00e9gi programjaiban. A Helyi Es\u00e9lyegyenl\u0151s\u00e9gi Programhoz, illetve a J\u00e1r\u00e1si Es\u00e9lyegyenl\u0151s\u00e9gi Programhoz t\u00f6rt\u00e9n\u0151 illeszked\u00e9s a relev\u00e1ns probl\u00e9m\u00e1k azonos\u00edt\u00e1s\u00e1n t\u00fal, hozz\u00e1j\u00e1rul a projekt megval\u00f3s\u00edthat\u00f3s\u00e1g\u00e1hoz, illetve eredm\u00e9nyeinek disszemin\u00e1ci\u00f3j\u00e1hoz is. Alapvet\u0151en olyan tev\u00e9kenys\u00e9gek megval\u00f3s\u00edt\u00e1s\u00e1ra v\u00e1llalkozunk, amelyek ir\u00e1ny\u00e1ban a helyi t\u00e1rsadalom m\u00e1s szerepl\u0151 legal\u00e1bb elvi k\u00f6telezetts\u00e9geket v\u00e1llaltak, de amelyek megval\u00f3s\u00edt\u00e1shoz sz\u00fcks\u00e9ges a fell\u00e9p\u00e9s\u00fcnk.&nbsp;<\/p>\n\n\n\n<p><strong>C\u00e9lcsoport bemutat\u00e1s:&nbsp;<\/strong>A projektbe k\u00f6zvetlen m\u00f3don bevonni k\u00edv\u00e1nt c\u00e9lcsoport tekintet\u00e9ben minden olyan ter\u00fcletet igyeksz\u00fcnk lefedni, mellyel a tev\u00e9kenys\u00e9geink sor\u00e1n eddig is rendszeresen tal\u00e1lkoztunk, \u00e9s a megval\u00f3s\u00edt\u00e1s sor\u00e1n terveink alapj\u00e1n tal\u00e1lkozni fogunk. Ezek k\u00f6z\u00f6tt szerepel a k\u00fcl\u00f6nb\u00f6z\u0151 h\u00e1tr\u00e1nyos helyzettel k\u00fczd\u0151 csoportok tagjai, k\u00fcl\u00f6n\u00f6sk\u00e9ppen a fels\u0151fok\u00fa iskolai v\u00e9gzetts\u00e9ggel nem rendelkez\u0151k, az 50 \u00e9ven fel\u00fcli \u00e9letkor\u00fa szem\u00e9lyek, megv\u00e1ltozott munkak\u00e9pess\u00e9g\u0171ek, a p\u00e1lyakezd\u0151, vagy 25 \u00e9v alatti \u00e9letkor\u00fa fiatalok, gyermek\u00e9t egyed\u00fcl nevel\u0151 sz\u00fcl\u0151k. C\u00e9lcsoportunk k\u00f6z\u00e9 sorolhat\u00f3 m\u00e9g az id\u0151s szem\u00e9lyek, a gyermekek \u00e9s fiatalok \u00e9s a telep\u00fcl\u00e9sen \u00e9l\u0151 nagy csal\u00e1dok. K\u00f6zvetett c\u00e9lcsoportk\u00e9nt a t\u00e1gabb \u00e9rtelemben vett t\u00e1rsadalmi k\u00f6rnyezet\u00fcnk, melybe bele \u00e9rtj\u00fck a kom\u00e1romi evang\u00e9likus gy\u00fclekezet tagjait is, illetve sz\u00e9les\u00edtve a k\u00f6rt a telep\u00fcl\u00e9sen \u00e9l\u0151ket, illetve a vel\u00fcnk kapcsolatban \u00e1ll\u00f3 k\u00f6rnyez\u0151 telep\u00fcl\u00e9sek polg\u00e1rait.&nbsp;<\/p>\n\n\n\n<p><strong>Programelemek bemutat\u00e1sa: H\u00e1tr\u00e1nykompenz\u00e1ci\u00f3:<\/strong>&#8211; \u00c9letm\u00f3d vezet\u00e9si csoportos tan\u00e1csad\u00e1s tev\u00e9kenys\u00e9gen bel\u00fcl. A tan\u00e1csad\u00e1sok az eg\u00e9szs\u00e9ges \u00e9letvitel, a munka \u00e9s a mag\u00e1n\u00e9let \u00f6sszeegyeztethet\u0151s\u00e9g\u00e9vel, az \u00e9letp\u00e1lya alakul\u00e1s\u00e1t meghat\u00e1roz\u00f3 c\u00e9lok \u00e9s d\u00f6nt\u00e9sek tudatoss\u00e1g\u00e1val a stressz- \u00e9s konfliktuskezel\u00e9ssel, az id\u0151gazd\u00e1lkod\u00e1ssal, a p\u00e9nzgazd\u00e1lkod\u00e1ssal foglalkoznak. A csoportos tan\u00e1csad\u00e1si forma a tapasztalatok megoszt\u00e1sa mellett alkalmas a kommunik\u00e1ci\u00f3s \u00e9s k\u00f6z\u00f6ss\u00e9gi kompetenci\u00e1k fejleszt\u00e9sre.<strong>&nbsp;Prevenci\u00f3s oktat\u00e1s, csal\u00e1di kapcsolatok a f\u00f3kuszban:&nbsp;<\/strong>&#8211; Az alkalmak sor\u00e1n a prevenci\u00f3s tev\u00e9kenys\u00e9gek v\u00e9gz\u00e9s\u00e9hez sz\u00fcks\u00e9ges szem\u00e9lyis\u00e9gfejleszt\u0151, kommunik\u00e1ci\u00f3s, konfliktusmegel\u0151z\u0151, -kezel\u0151 m\u00f3dszerek, eg\u00e9szs\u00e9gmeg\u0151rz\u00e9ssel kapcsolatos inform\u00e1ci\u00f3k, prevenci\u00f3s programokra val\u00f3 felk\u00e9sz\u00edt\u00e9s.<strong>&nbsp;Akad\u00e1lymentes\u00edt\u00e9s:-&nbsp;<\/strong>\u00d6nk\u00e9ntes akci\u00f3 keret\u00e9ben az id\u0151sek, ez enyhe \u00e9s k\u00f6z\u00e9ps\u00falyos l\u00e1t\u00e1ss\u00e9r\u00fcltek, az olvas\u00e1si, sz\u00f6veg\u00e9rt\u00e9si hi\u00e1nyoss\u00e1gokkal k\u00fczd\u0151k sz\u00e1m\u00e1ra ny\u00fajt seg\u00edts\u00e9get a projekt. \u00d6nk\u00e9ntes akci\u00f3k keret\u00e9ben a k\u00f6z\u00f6ss\u00e9g tagjai nagybet\u0171vel \u00edrt, egyszer\u0171en megfogalmazott t\u00e1j\u00e9koztat\u00f3 feliratokat helyeznek el a k\u00f6z\u00f6ss\u00e9gi tereinkben.<\/p>\n\n\n\n<p>A k\u00f6z\u00f6ss\u00e9gi h\u00e9tv\u00e9g\u00e9n ig\u00e9ny szerint tervezz\u00fck megszervezni a fent le\u00edrt programokat, alapvet\u0151en 20 f\u0151s csoporttal tervezve, ezen bel\u00fcl pedig a kis csoportos megval\u00f3s\u00edt\u00e1s tervez\u00fcnk ig\u00e9ny szeriont. A h\u00e9tv\u00e9g\u00e9n felmer\u00fcl\u0151 tov\u00e1bbi ig\u00e9nyek szerint tervez\u00fcnk egy\u00e9b programokat megval\u00f3s\u00edtani a gy\u00fclekezetben.<\/p>\n\n\n\n<p><strong>Egy\u00fcttm\u0171k\u00f6d\u00e9sek:&nbsp;<\/strong>A megval\u00f3s\u00edt\u00e1s sor\u00e1n a helyi \u00f6nkorm\u00e1nyzattal, helyi \u00f3vod\u00e1kkal, iskol\u00e1kkal \u00e9s term\u00e9szetesen a telep\u00fcl\u00e9s eg\u00e9sz k\u00f6z\u00f6ss\u00e9g\u00e9vel \u00e9s a k\u00f6rny\u00e9kbeli civil szervezettekkel (KEGYA,VISZ, ECSE) m\u0171k\u00f6d\u00fcnk egy\u00fctt.&nbsp;<\/p>\n","protected":false},"excerpt":{"rendered":"<p>EKCP-KP-1-2022\/3-000997 keret\u00e9ben 400.000ft t\u00e1mogat\u00e1st kapott a gy\u00fclekezet\u00fcnk. Ezt a gy\u00fclekezet\u00fcnk \u00e9p\u00edt\u00e9s\u00e9re haszn\u00e1ltuk fel, a Tahi gy\u00fclekezeti h\u00e9tv\u00e9g\u00e9n. R\u00e9szletesen itt olvashatnak a megval\u00f3sult programr\u00f3l: A szakmai programunk itt el\u00e9rhet\u0151: A gy\u00fclekezetben [&hellip;]<\/p>\n","protected":false},"author":52,"featured_media":0,"parent":0,"menu_order":0,"comment_status":"closed","ping_status":"closed","template":"","meta":{"_monsterinsights_skip_tracking":false,"_monsterinsights_sitenote_active":false,"_monsterinsights_sitenote_note":"","_monsterinsights_sitenote_category":0,"_themeisle_gutenberg_block_has_review":false,"footnotes":""},"class_list":["post-1190","page","type-page","status-publish","hentry"],"_links":{"self":[{"href":"https:\/\/komarom.egyhazkozseg.hu\/index.php?rest_route=\/wp\/v2\/pages\/1190","targetHints":{"allow":["GET"]}}],"collection":[{"href":"https:\/\/komarom.egyhazkozseg.hu\/index.php?rest_route=\/wp\/v2\/pages"}],"about":[{"href":"https:\/\/komarom.egyhazkozseg.hu\/index.php?rest_route=\/wp\/v2\/types\/page"}],"author":[{"embeddable":true,"href":"https:\/\/komarom.egyhazkozseg.hu\/index.php?rest_route=\/wp\/v2\/users\/52"}],"replies":[{"embeddable":true,"href":"https:\/\/komarom.egyhazkozseg.hu\/index.php?rest_route=%2Fwp%2Fv2%2Fcomments&post=1190"}],"version-history":[{"count":2,"href":"https:\/\/komarom.egyhazkozseg.hu\/index.php?rest_route=\/wp\/v2\/pages\/1190\/revisions"}],"predecessor-version":[{"id":1205,"href":"https:\/\/komarom.egyhazkozseg.hu\/index.php?rest_route=\/wp\/v2\/pages\/1190\/revisions\/1205"}],"wp:attachment":[{"href":"https:\/\/komarom.egyhazkozseg.hu\/index.php?rest_route=%2Fwp%2Fv2%2Fmedia&parent=1190"}],"curies":[{"name":"wp","href":"https:\/\/api.w.org\/{rel}","templated":true}]}}