{"id":1842,"date":"2026-05-13T12:21:12","date_gmt":"2026-05-13T10:21:12","guid":{"rendered":"https:\/\/komarom.egyhazkozseg.hu\/?page_id=1842"},"modified":"2026-05-13T13:15:22","modified_gmt":"2026-05-13T11:15:22","slug":"nem-csak-a-gyerekednek-kell-kozosseg-neked-is","status":"publish","type":"page","link":"https:\/\/komarom.egyhazkozseg.hu\/?page_id=1842","title":{"rendered":"Nem csak a gyerekednek kell k\u00f6z\u00f6ss\u00e9g. Neked is!"},"content":{"rendered":"<div class=\"flex h-svh w-screen flex-col\">\n<div class=\"relative z-0 flex min-h-0 w-full flex-1\">\n<div class=\"relative flex min-h-0 w-full flex-1\">\n<div class=\"@container\/main relative flex min-w-0 flex-1 flex-col -translate-y-[calc(env(safe-area-inset-bottom,0px)\/2)] pt-[calc(env(safe-area-inset-bottom,0px)\/2)]\">\n<div class=\"@w-sm\/main:[scrollbar-gutter:var(--stage-scroll-gutter)] touch:[scrollbar-width:none] group\/scroll-root relative flex min-h-0 min-w-0 flex-1 flex-col [scrollbar-gutter:stable] not-print:overflow-x-clip not-print:overflow-y-auto group-data-stream-active\/scroll-root:[overflow-anchor:none] scroll-pt-(--header-height) [--sticky-padding-top:var(--header-height)] [--sticky-padding-bottom:0px] [--scroll-root-safe-area-inset-top:calc(var(--sticky-padding-top)+env(safe-area-inset-top,0px))] [--scroll-root-safe-area-inset-bottom:calc(var(--sticky-padding-bottom)+var(--screen-keyboard-height,0px)+env(safe-area-inset-bottom,0px))] [--scroll-root-safe-area-height:calc(100lvh-var(--scroll-root-safe-area-inset-top)-var(--scroll-root-safe-area-inset-bottom))] has-data-[fixed-header=less-than-xl]:@w-xl\/main:scroll-pt-0 has-data-[fixed-header=less-than-xl]:@w-xl\/main:[--sticky-padding-top:0px] has-data-[fixed-header=less-than-xxl]:@w-2xl\/main:scroll-pt-0 has-data-[fixed-header=less-than-xxl]:@w-2xl\/main:[--sticky-padding-top:0px]\" data-scroll-root=\"\" data-scroll-from-top=\"\">\n<p>Tal\u00e1n a j\u00e1tsz\u00f3t\u00e9r mellett s\u00e9t\u00e1lt\u00e1l el, vagy a gyermeked j\u00e1tszott a k\u00f6zelben, amikor megl\u00e1ttad ezt az \u00fczenetet. Elk\u00e9pzelhet\u0151, hogy egyszer\u0171 k\u00edv\u00e1ncsis\u00e1gb\u00f3l nyitottad meg ezt az oldalt. \u00d6r\u00fcl\u00fcnk, hogy itt vagy.<\/p>\n<div id=\"thread\" class=\"group\/thread flex flex-col min-h-full\">\n<div class=\"composer-parent flex flex-1 flex-col focus-visible:outline-0\" role=\"presentation\">\n<div class=\"relative basis-auto flex-col -mb-(--composer-overlap-px) pb-(--composer-overlap-px) [--composer-overlap-px:28px] grow flex\">\n<div class=\"flex flex-col text-sm pt-4\">\n<div id=\"mini-chat-content\" class=\"block\">\n<div class=\"qMYqUG_convSearchResultHighlightRoot\">\n<div class=\"relative w-full overflow-visible\">\n<section class=\"text-token-text-primary w-full focus:outline-none [--shadow-height:45px] has-data-writing-block:pointer-events-none has-data-writing-block:-mt-(--shadow-height) has-data-writing-block:pt-(--shadow-height) [&amp;:has([data-writing-block])&gt;*]:pointer-events-auto [content-visibility:auto] supports-[content-visibility:auto]:[contain-intrinsic-size:auto_100lvh] R6Vx5W_threadScrollVars scroll-mb-[calc(var(--scroll-root-safe-area-inset-bottom,0px)+var(--thread-response-height))] scroll-mt-[calc(var(--header-height)+min(200px,max(70px,20svh)))]\" dir=\"auto\" data-turn-id=\"cfd77236-b4b7-4929-8649-51ef8584bb25\" data-turn-id-container=\"cfd77236-b4b7-4929-8649-51ef8584bb25\" data-testid=\"conversation-turn-46\" data-scroll-anchor=\"false\" data-turn=\"assistant\">\n<div class=\"text-base my-auto mx-auto pb-8 [--thread-content-margin:var(--thread-content-margin-xs,calc(var(--spacing)*4))] @w-sm\/main:[--thread-content-margin:var(--thread-content-margin-sm,calc(var(--spacing)*6))] @w-lg\/main:[--thread-content-margin:var(--thread-content-margin-lg,calc(var(--spacing)*16))] px-(--thread-content-margin)\">\n<div class=\"[--thread-content-max-width:40rem] @w-lg\/main:[--thread-content-max-width:48rem] mx-auto max-w-(--thread-content-max-width) flex-1 group\/turn-messages focus-visible:outline-hidden relative flex w-full min-w-0 flex-col agent-turn\">\n<div class=\"flex max-w-full flex-col gap-4 grow\">\n<div class=\"min-h-8 text-message relative flex w-full flex-col items-end gap-2 text-start break-words whitespace-normal outline-none keyboard-focused:focus-ring [.text-message+&amp;]:mt-1\" dir=\"auto\" data-message-author-role=\"assistant\" data-message-id=\"78cece01-ad17-4d19-9707-962fadf783d5\" data-turn-start-message=\"true\" data-message-model-slug=\"gpt-5-5\">\n<div class=\"flex w-full flex-col gap-1 empty:hidden\">\n<div class=\"markdown prose dark:prose-invert wrap-break-word w-full dark markdown-new-styling\">\n<p data-start=\"259\" data-end=\"546\">A csal\u00e1di \u00e9let sok \u00f6r\u00f6m\u00f6t hordoz mag\u00e1ban, m\u00e9gis vannak id\u0151szakok, amikor az ember elf\u00e1rad. J\u00f3lesik, amikor van valaki, aki meghallgat. Er\u0151t ad az, amikor k\u00f6z\u00f6ss\u00e9g vesz k\u00f6r\u00fcl benn\u00fcnket. Az ember sz\u00edve kapcsolatokra v\u00e1gyik, biztons\u00e1gra, rem\u00e9nys\u00e9gre \u00e9s olyan helyre, ahol \u0151szint\u00e9n jelen lehet.<\/p>\n<p data-start=\"548\" data-end=\"747\">Gy\u00fclekezet\u00fcnkben vas\u00e1rnapr\u00f3l vas\u00e1rnapra az\u00e9rt tal\u00e1lkozunk, hogy egy\u00fctt figyelj\u00fcnk Isten ig\u00e9j\u00e9re, im\u00e1dkozzunk, \u00e9nekelj\u00fcnk, \u00e9s k\u00f6z\u00f6sen keress\u00fck azt a rem\u00e9nys\u00e9get, amelyet J\u00e9zus Krisztus ad az embernek.<\/p>\n<p data-start=\"749\" data-end=\"1015\">K\u00f6z\u00f6ss\u00e9g\u00fcnkben k\u00fcl\u00f6nb\u00f6z\u0151 \u00e9lethelyzetb\u0151l \u00e9rkez\u0151 emberek vannak jelen. Fiatalok, id\u0151sek, csal\u00e1dok, egyed\u00fcl\u00e1ll\u00f3k, r\u00e9g\u00e9ebb \u00f3ta hitben j\u00e1rok \u00e9s keres\u0151k egyar\u00e1nt helyet tal\u00e1lnak n\u00e1lunk. Sokan \u00e9rkeznek k\u00e9rd\u00e9sekkel, terhekkel vagy csendes k\u00edv\u00e1ncsis\u00e1ggal. Isten mindannyiunkat h\u00edv mag\u00e1hoz.<\/p>\n<p data-start=\"1017\" data-end=\"1208\">Szeretettel v\u00e1runk akkor is, ha m\u00e9g soha nem j\u00e1rt\u00e1l gy\u00fclekezetben. Nyugodtan \u00e9rkezhetsz gyermekekkel egy\u00fctt vagy ak\u00e1r egyed\u00fcl is. Az istentisztelettel p\u00e1rhuzamosan gyermekalkalmat is tartunk.<\/p>\n<h2 data-section-id=\"1et2taw\" data-start=\"1210\" data-end=\"1227\">Istentisztelet<\/h2>\n<p data-start=\"1228\" data-end=\"1244\">\ud83d\udd58 Vas\u00e1rnap 9:30<\/p>\n<h2 data-section-id=\"1v3jsev\" data-start=\"1246\" data-end=\"1257\">Helysz\u00edn<\/h2>\n<p data-start=\"1258\" data-end=\"1322\">\ud83d\udccd Kom\u00e1romi Evang\u00e9likus Imah\u00e1z<br data-start=\"1288\" data-end=\"1291\" \/>2900 Kom\u00e1rom, M\u00e1rt\u00edrok \u00fatja 10.<\/p>\n<p data-start=\"1324\" data-end=\"1417\">K\u00f6sz\u00f6nj\u00fck, hogy id\u0151t sz\u00e1nt\u00e1l erre az oldalra. Rem\u00e9lj\u00fck, hamarosan szem\u00e9lyesen is tal\u00e1lkozunk.<\/p>\n<p data-start=\"1419\" data-end=\"1442\" data-is-last-node=\"\" data-is-only-node=\"\"><strong data-start=\"1419\" data-end=\"1442\" data-is-last-node=\"\">V\u00e1runk szeretettel.<\/strong><\/p>\n<\/div>\n<\/div>\n<\/div>\n<\/div>\n<div class=\"z-0 flex min-h-[46px] justify-start\"><\/div>\n<\/div>\n<\/div>\n<\/section>\n<div class=\"contents\"><\/div>\n<\/div>\n<\/div>\n<div class=\"pointer-events-none -mt-px h-px translate-y-[calc(var(--scroll-root-safe-area-inset-bottom)-14*var(--spacing))]\" aria-hidden=\"true\"><\/div>\n<div class=\"pointer-events-none translate-y-(--scroll-root-safe-area-inset-bottom) R6Vx5W_threadScrollVars min-h-(--gutter-remaining-height,0px) group-data-stream-active\/scroll-root:h-[calc(var(--thread-response-height)-16*var(--spacing))]\"><\/div>\n<\/div>\n<div class=\"[--thread-content-max-width:40rem] @w-lg\/main:[--thread-content-max-width:48rem] mx-auto max-w-(--thread-content-max-width) flex-1\"><\/div>\n<\/div>\n<\/div>\n<div id=\"thread-bottom-container\" class=\"sticky bottom-0 z-10 group\/thread-bottom-container relative isolate w-full basis-auto has-data-has-thread-error:pt-2 has-data-has-thread-error:[box-shadow:var(--sharp-edge-bottom-shadow)] md:border-transparent md:pt-0 dark:border-white\/20 md:dark:border-transparent print:hidden content-fade single-line\">\n<div class=\"relative mx-auto h-0\">\n<div class=\"flex h-0 items-end justify-center motion-safe:transition-all motion-safe:delay-300 motion-safe:duration-300 group-[:not([data-scroll-from-end])]\/scroll-root:scale-50 group-[:not([data-scroll-from-end])]\/scroll-root:translate-y-2 group-[:not([data-scroll-from-end])]\/scroll-root:opacity-0 group-[:not([data-scroll-from-end])]\/scroll-root:pointer-events-none group-[:not([data-scroll-from-end])]\/scroll-root:duration-100 group-[:not([data-scroll-from-end])]\/scroll-root:delay-0 absolute start-1\/2 z-10 -translate-x-1\/2 bottom-[calc(100%+6*var(--spacing)+var(--thread-scroll-to-bottom-banner-offset,0px))]\"><\/div>\n<\/div>\n<div>\n<div class=\"text-base mx-auto [--thread-content-margin:var(--thread-content-margin-xs,calc(var(--spacing)*4))] @w-sm\/main:[--thread-content-margin:var(--thread-content-margin-sm,calc(var(--spacing)*6))] @w-lg\/main:[--thread-content-margin:var(--thread-content-margin-lg,calc(var(--spacing)*16))] px-(--thread-content-margin)\">\n<div>\n<div class=\"[--thread-content-max-width:40rem] @w-lg\/main:[--thread-content-max-width:48rem] mx-auto max-w-(--thread-content-max-width) flex-1 mb-[var(--thread-component-gap,1rem)]\">\n<div class=\"flex justify-center empty:hidden\"><\/div>\n<div class=\"pointer-events-auto relative z-1 flex h-(--composer-container-height,100%) max-w-full flex-(--composer-container-flex,1) flex-col\">\n<div class=\"absolute start-0 end-0 bottom-full z-20\"><\/div>\n<form class=\"group\/composer w-full\">\n<div class=\"hidden\"><input id=\"upload-files\" type=\"file\" \/><\/div>\n<div class=\"\">\n<div class=\"bg-token-bg-primary dark:bg-token-bg-elevated-primary dark-oled:bg-token-bg-primary corner-superellipse\/1.1 relative cursor-text overflow-clip bg-clip-padding p-2.5 contain-inline-size motion-safe:transition-colors motion-safe:duration-200 motion-safe:ease-in-out grid grid-cols-[auto_1fr_auto] [grid-template-areas:'header_header_header'_'leading_primary_trailing'_'._footer_.'] group-data-expanded\/composer:[grid-template-areas:'header_header_header'_'primary_primary_primary'_'leading_footer_trailing'] shadow-short-composer\" data-composer-surface=\"true\">\n<div class=\"[grid-area:leading]\"><\/div>\n<div class=\"-my-2.5 flex overflow-x-hidden px-1.5 [grid-area:primary] group-data-expanded\/composer:mb-0 group-data-expanded\/composer:px-2.5 min-h-14 items-center\">\n<div class=\"wcDTda_prosemirror-parent text-token-text-primary max-h-[max(30svh,5rem)] max-h-52 min-h-[var(--deep-research-composer-extra-height,unset)] flex-1 overflow-auto [scrollbar-width:thin] default-browser vertical-scroll-fade-mask\">\n<p><textarea class=\"wcDTda_fallbackTextarea\" name=\"prompt-textarea\" placeholder=\"K\u00e9rdezz b\u00e1rmit\u2026\" aria-label=\"Cseveg\u00e9s a ChatGPT-vel\" data-virtualkeyboard=\"true\"><\/textarea><\/p>\n<div id=\"prompt-textarea\" class=\"ProseMirror\" role=\"textbox\" data-virtualkeyboard=\"true\" aria-label=\"Cseveg\u00e9s a ChatGPT-vel\"><\/div>\n<\/div>\n<\/div>\n<div class=\"flex items-center gap-2 [grid-area:trailing]\">\n<div class=\"relative ms-1\">\n<div>\n<div class=\"-me-2\"><\/div>\n<\/div>\n<\/div>\n<div class=\"ms-auto flex items-center gap-1.5\">\n<p>&nbsp;<\/p>\n<div><\/div>\n<\/div>\n<\/div>\n<\/div>\n<\/div>\n<\/form>\n<\/div>\n<\/div>\n<\/div>\n<\/div>\n<\/div>\n<div class=\"-mt-4 text-token-text-secondary dark-oled:text-token-text-tertiary relative w-full overflow-hidden text-center text-xs [view-transition-name:var(--vt-disclaimer)] md:px-[60px]\">\n<div class=\"text-base mx-auto [--thread-content-margin:var(--thread-content-margin-xs,calc(var(--spacing)*4))] @w-sm\/main:[--thread-content-margin:var(--thread-content-margin-sm,calc(var(--spacing)*6))] @w-lg\/main:[--thread-content-margin:var(--thread-content-margin-lg,calc(var(--spacing)*16))] px-(--thread-content-margin)\">\n<div class=\"[--thread-content-max-width:40rem] @w-lg\/main:[--thread-content-max-width:48rem] mx-auto max-w-(--thread-content-max-width) flex-1\"><\/div>\n<\/div>\n<\/div>\n<\/div>\n<\/div>\n<\/div>\n<p>&nbsp;<\/p>\n<\/div>\n<\/div>\n<\/div>\n<\/div>\n<div><\/div>\n<\/div>\n","protected":false},"excerpt":{"rendered":"<p>Tal\u00e1n a j\u00e1tsz\u00f3t\u00e9r mellett s\u00e9t\u00e1lt\u00e1l el, vagy a gyermeked j\u00e1tszott a k\u00f6zelben, amikor megl\u00e1ttad ezt az \u00fczenetet. Elk\u00e9pzelhet\u0151, hogy egyszer\u0171 k\u00edv\u00e1ncsis\u00e1gb\u00f3l nyitottad meg ezt az oldalt. \u00d6r\u00fcl\u00fcnk, hogy itt vagy. [&hellip;]<\/p>\n","protected":false},"author":52,"featured_media":0,"parent":0,"menu_order":0,"comment_status":"closed","ping_status":"closed","template":"","meta":{"_monsterinsights_skip_tracking":false,"_monsterinsights_sitenote_active":false,"_monsterinsights_sitenote_note":"","_monsterinsights_sitenote_category":0,"_themeisle_gutenberg_block_has_review":false,"footnotes":""},"class_list":["post-1842","page","type-page","status-publish","hentry"],"_links":{"self":[{"href":"https:\/\/komarom.egyhazkozseg.hu\/index.php?rest_route=\/wp\/v2\/pages\/1842","targetHints":{"allow":["GET"]}}],"collection":[{"href":"https:\/\/komarom.egyhazkozseg.hu\/index.php?rest_route=\/wp\/v2\/pages"}],"about":[{"href":"https:\/\/komarom.egyhazkozseg.hu\/index.php?rest_route=\/wp\/v2\/types\/page"}],"author":[{"embeddable":true,"href":"https:\/\/komarom.egyhazkozseg.hu\/index.php?rest_route=\/wp\/v2\/users\/52"}],"replies":[{"embeddable":true,"href":"https:\/\/komarom.egyhazkozseg.hu\/index.php?rest_route=%2Fwp%2Fv2%2Fcomments&post=1842"}],"version-history":[{"count":2,"href":"https:\/\/komarom.egyhazkozseg.hu\/index.php?rest_route=\/wp\/v2\/pages\/1842\/revisions"}],"predecessor-version":[{"id":1849,"href":"https:\/\/komarom.egyhazkozseg.hu\/index.php?rest_route=\/wp\/v2\/pages\/1842\/revisions\/1849"}],"wp:attachment":[{"href":"https:\/\/komarom.egyhazkozseg.hu\/index.php?rest_route=%2Fwp%2Fv2%2Fmedia&parent=1842"}],"curies":[{"name":"wp","href":"https:\/\/api.w.org\/{rel}","templated":true}]}}