{"id":26,"date":"2020-09-24T09:14:07","date_gmt":"2020-09-24T09:14:07","guid":{"rendered":"http:\/\/komarom.egyhazkozseg.hu\/?page_id=26"},"modified":"2024-03-29T11:16:41","modified_gmt":"2024-03-29T11:16:41","slug":"presbiterium","status":"publish","type":"page","link":"https:\/\/komarom.egyhazkozseg.hu\/?page_id=26","title":{"rendered":"Presbit\u00e9rium"},"content":{"rendered":"\n<figure class=\"wp-block-image size-large\"><img fetchpriority=\"high\" decoding=\"async\" width=\"768\" height=\"1024\" src=\"https:\/\/komarom.egyhazkozseg.hu\/wp-content\/uploads\/sites\/55\/2024\/03\/IMG_3657-768x1024.jpg\" alt=\"\" class=\"wp-image-1429\" srcset=\"https:\/\/komarom.egyhazkozseg.hu\/wp-content\/uploads\/sites\/55\/2024\/03\/IMG_3657-768x1024.jpg 768w, https:\/\/komarom.egyhazkozseg.hu\/wp-content\/uploads\/sites\/55\/2024\/03\/IMG_3657-225x300.jpg 225w, https:\/\/komarom.egyhazkozseg.hu\/wp-content\/uploads\/sites\/55\/2024\/03\/IMG_3657-1152x1536.jpg 1152w, https:\/\/komarom.egyhazkozseg.hu\/wp-content\/uploads\/sites\/55\/2024\/03\/IMG_3657-1536x2048.jpg 1536w, https:\/\/komarom.egyhazkozseg.hu\/wp-content\/uploads\/sites\/55\/2024\/03\/IMG_3657-scaled.jpg 1920w\" sizes=\"(max-width: 768px) 100vw, 768px\" \/><figcaption class=\"wp-element-caption\">Fels\u0151 sor, balr\u00f3 jobbra: Osgy\u00e1n L\u00e1szl\u00f3, Kiss M\u00e1t\u00e9, Kiss P\u00e9ter <br>Als\u00f3 sor, balr\u00f3l jobbra: Guly\u00e1s Korn\u00e9l, Guly\u00e1sn\u00e9 Czanek D\u00f3ra, Pirityi Katalin, Ravasz L\u00e1szl\u00f3<\/figcaption><\/figure>\n\n\n\n<p><strong>Fel\u00fcgyel\u0151: <\/strong>Osgy\u00e1n L\u00e1szl\u00f3<\/p>\n\n\n\n<p><strong>Gondnok: <\/strong>Guly\u00e1s Korn\u00e9l&nbsp;<\/p>\n\n\n\n<p><strong>P\u00e9nzt\u00e1ros: <\/strong>Kiss P\u00e9ter  <strong>P\u00e9nzt\u00e1ros<strong> helyettes:<\/strong><\/strong> Pirityi Katalin<\/p>\n\n\n\n<p><strong>Sz\u00e1mvev\u0151sz\u00e9ki eln\u00f6k: <\/strong>Ravasz L\u00e1szl\u00f3 <\/p>\n\n\n\n<p><strong>Sz\u00e1mvev\u0151sz\u00e9ki tagok: <\/strong> Veszpr\u00e9mi D\u00f3ra, Guly\u00e1s Korn\u00e9l<\/p>\n\n\n\n<p><strong>Jegyz\u0151: <\/strong>Guly\u00e1sn\u00e9 Czanek D\u00f3ra<\/p>\n\n\n\n<p><strong>Presbiterek: <\/strong>Osgy\u00e1n L\u00e1szl\u00f3, Kiss P\u00e9ter, Pirityi Katalin, &nbsp;Ravasz L\u00e1szl\u00f3, Guly\u00e1s Korn\u00e9l, Guly\u00e1sn\u00e9 Czanek D\u00f3ra<\/p>\n\n\n\n<p><strong>Tiszteletbeli prebiter: <\/strong>M\u00fcller J\u00e1nosn\u00e9, Cseh L\u00e1szl\u00f3n\u00e9<\/p>\n","protected":false},"excerpt":{"rendered":"<p>Fel\u00fcgyel\u0151: Osgy\u00e1n L\u00e1szl\u00f3 Gondnok: Guly\u00e1s Korn\u00e9l&nbsp; P\u00e9nzt\u00e1ros: Kiss P\u00e9ter P\u00e9nzt\u00e1ros helyettes: Pirityi Katalin Sz\u00e1mvev\u0151sz\u00e9ki eln\u00f6k: Ravasz L\u00e1szl\u00f3 Sz\u00e1mvev\u0151sz\u00e9ki tagok: Veszpr\u00e9mi D\u00f3ra, Guly\u00e1s Korn\u00e9l Jegyz\u0151: Guly\u00e1sn\u00e9 Czanek D\u00f3ra Presbiterek: Osgy\u00e1n L\u00e1szl\u00f3, [&hellip;]<\/p>\n","protected":false},"author":52,"featured_media":0,"parent":0,"menu_order":0,"comment_status":"closed","ping_status":"closed","template":"","meta":{"_monsterinsights_skip_tracking":false,"_monsterinsights_sitenote_active":false,"_monsterinsights_sitenote_note":"","_monsterinsights_sitenote_category":0,"_themeisle_gutenberg_block_has_review":false,"footnotes":""},"class_list":["post-26","page","type-page","status-publish","hentry"],"_links":{"self":[{"href":"https:\/\/komarom.egyhazkozseg.hu\/index.php?rest_route=\/wp\/v2\/pages\/26","targetHints":{"allow":["GET"]}}],"collection":[{"href":"https:\/\/komarom.egyhazkozseg.hu\/index.php?rest_route=\/wp\/v2\/pages"}],"about":[{"href":"https:\/\/komarom.egyhazkozseg.hu\/index.php?rest_route=\/wp\/v2\/types\/page"}],"author":[{"embeddable":true,"href":"https:\/\/komarom.egyhazkozseg.hu\/index.php?rest_route=\/wp\/v2\/users\/52"}],"replies":[{"embeddable":true,"href":"https:\/\/komarom.egyhazkozseg.hu\/index.php?rest_route=%2Fwp%2Fv2%2Fcomments&post=26"}],"version-history":[{"count":9,"href":"https:\/\/komarom.egyhazkozseg.hu\/index.php?rest_route=\/wp\/v2\/pages\/26\/revisions"}],"predecessor-version":[{"id":1431,"href":"https:\/\/komarom.egyhazkozseg.hu\/index.php?rest_route=\/wp\/v2\/pages\/26\/revisions\/1431"}],"wp:attachment":[{"href":"https:\/\/komarom.egyhazkozseg.hu\/index.php?rest_route=%2Fwp%2Fv2%2Fmedia&parent=26"}],"curies":[{"name":"wp","href":"https:\/\/api.w.org\/{rel}","templated":true}]}}