{"id":369,"date":"2021-09-07T11:16:14","date_gmt":"2021-09-07T11:16:14","guid":{"rendered":"https:\/\/komarom.egyhazkozseg.hu\/?page_id=369"},"modified":"2026-05-08T11:54:36","modified_gmt":"2026-05-08T09:54:36","slug":"hetkozi-alkalmaink","status":"publish","type":"page","link":"https:\/\/komarom.egyhazkozseg.hu\/?page_id=369","title":{"rendered":"H\u00e9tk\u00f6zi alkalmaink"},"content":{"rendered":"\r\n<p>Szeretettel h\u00edvunk minden \u00e9rdekl\u0151d\u0151t, rendszeres h\u00e9tk\u00f6zi alkalmainkra.<\/p>\r\n\r\n\r\n\r\n\r\n\r\n<p><img fetchpriority=\"high\" decoding=\"async\" class=\"alignnone size-full wp-image-1829\" src=\"http:\/\/komarom.egyhazkozseg.hu\/wp-content\/uploads\/sites\/55\/2026\/05\/ChatGPT-Image-2026.-maj.-8.-11_53_52.png\" alt=\"\" width=\"1024\" height=\"1536\" srcset=\"https:\/\/komarom.egyhazkozseg.hu\/wp-content\/uploads\/sites\/55\/2026\/05\/ChatGPT-Image-2026.-maj.-8.-11_53_52.png 1024w, https:\/\/komarom.egyhazkozseg.hu\/wp-content\/uploads\/sites\/55\/2026\/05\/ChatGPT-Image-2026.-maj.-8.-11_53_52-200x300.png 200w, https:\/\/komarom.egyhazkozseg.hu\/wp-content\/uploads\/sites\/55\/2026\/05\/ChatGPT-Image-2026.-maj.-8.-11_53_52-683x1024.png 683w, https:\/\/komarom.egyhazkozseg.hu\/wp-content\/uploads\/sites\/55\/2026\/05\/ChatGPT-Image-2026.-maj.-8.-11_53_52-768x1152.png 768w\" sizes=\"(max-width: 1024px) 100vw, 1024px\" \/><\/p>\r\n<p><strong>-Minden h\u00e9ten kedden 18.00-t\u00f3l kom\u00e1romi biblia\u00f3r\u00e1s teah\u00e1z alkalom, Guly\u00e1s csal\u00e1d lak\u00e1s\u00e1n\/Ag\u00f3ra.<\/strong><\/p>\r\n<p><strong>-K\u00e9thetente szerd\u00e1n 18.00t\u00f3l b\u00e1bolnai biblia\u00f3r\u00e1s teah\u00e1z alkalom, Ravasz csal\u00e1d otthon\u00e1ban.<\/strong><\/p>\r\n\r\n\r\n\r\n\r\n\r\n<p><strong>-K\u00e9thetente s<strong>zerd\u00e1n, 16.45-t\u0151l KEZEK- Kom\u00e1romi Zenei csoport, Kom\u00e1rom M\u00e1rt\u00edrok \u00fatja 10.<\/strong><\/strong><\/p>\r\n\r\n\r\n\r\n\r\n\r\n\r\n\r\n\r\n\r\n<p><strong>&#8211; K\u00e9thetente cs\u00fctr\u00f6t\u00f6k\u00f6n 18.00t\u00f3l\u00a0Tan\u00edtv\u00e1nys\u00e1g k\u00f6r, Kom\u00e1rom M\u00e1rt\u00edrok \u00fatja 10.<\/strong><\/p>\r\n<p><strong>&#8211; K\u00e9thetente cs\u00fctr\u00f6t\u00f6k\u00f6n<\/strong>\u00a0<strong>18.00t\u00f3l Ima\u00f3ra, Kom\u00e1rom M\u00e1rt\u00edrok \u00fatja 10<\/strong><\/p>\r\n<p><strong>&#8211; Minden P\u00e9nteken, 16.30-t\u00f3l kis-ifi, <\/strong><strong>Kom\u00e1rom M\u00e1rt\u00edrok \u00fatja 10.<\/strong><\/p>\r\n\r\n\r\n\r\n\r\n\r\n<p><strong>&#8211; Minden P\u00e9nteken, 18.15t\u00f3l-19.30-ig ifj\u00fas\u00e1gi biblia\u00f3ra, Kom\u00e1rom M\u00e1rt\u00edrok \u00fatja 10.<\/strong><\/p>\r\n<p><strong>-K\u00e9thetente P\u00e9nteken,<\/strong><strong> 19.30t\u00f3l kom\u00e1romi ifj\u00fas\u00e1gi klub, Kom\u00e1rom M\u00e1rt\u00edrok \u00fatja 10.<\/strong><\/p>\r\n\r\n\r\n\r\n\r\n\r\n<p>&nbsp;<\/p>\r\n","protected":false},"excerpt":{"rendered":"<p>Szeretettel h\u00edvunk minden \u00e9rdekl\u0151d\u0151t, rendszeres h\u00e9tk\u00f6zi alkalmainkra. -Minden h\u00e9ten kedden 18.00-t\u00f3l kom\u00e1romi biblia\u00f3r\u00e1s teah\u00e1z alkalom, Guly\u00e1s csal\u00e1d lak\u00e1s\u00e1n\/Ag\u00f3ra. -K\u00e9thetente szerd\u00e1n 18.00t\u00f3l b\u00e1bolnai biblia\u00f3r\u00e1s teah\u00e1z alkalom, Ravasz csal\u00e1d otthon\u00e1ban. -K\u00e9thetente szerd\u00e1n, [&hellip;]<\/p>\n","protected":false},"author":52,"featured_media":0,"parent":0,"menu_order":0,"comment_status":"closed","ping_status":"closed","template":"","meta":{"_monsterinsights_skip_tracking":false,"_monsterinsights_sitenote_active":false,"_monsterinsights_sitenote_note":"","_monsterinsights_sitenote_category":0,"_themeisle_gutenberg_block_has_review":false,"footnotes":""},"class_list":["post-369","page","type-page","status-publish","hentry"],"_links":{"self":[{"href":"https:\/\/komarom.egyhazkozseg.hu\/index.php?rest_route=\/wp\/v2\/pages\/369","targetHints":{"allow":["GET"]}}],"collection":[{"href":"https:\/\/komarom.egyhazkozseg.hu\/index.php?rest_route=\/wp\/v2\/pages"}],"about":[{"href":"https:\/\/komarom.egyhazkozseg.hu\/index.php?rest_route=\/wp\/v2\/types\/page"}],"author":[{"embeddable":true,"href":"https:\/\/komarom.egyhazkozseg.hu\/index.php?rest_route=\/wp\/v2\/users\/52"}],"replies":[{"embeddable":true,"href":"https:\/\/komarom.egyhazkozseg.hu\/index.php?rest_route=%2Fwp%2Fv2%2Fcomments&post=369"}],"version-history":[{"count":15,"href":"https:\/\/komarom.egyhazkozseg.hu\/index.php?rest_route=\/wp\/v2\/pages\/369\/revisions"}],"predecessor-version":[{"id":1830,"href":"https:\/\/komarom.egyhazkozseg.hu\/index.php?rest_route=\/wp\/v2\/pages\/369\/revisions\/1830"}],"wp:attachment":[{"href":"https:\/\/komarom.egyhazkozseg.hu\/index.php?rest_route=%2Fwp%2Fv2%2Fmedia&parent=369"}],"curies":[{"name":"wp","href":"https:\/\/api.w.org\/{rel}","templated":true}]}}