{"id":9,"date":"2020-09-24T08:48:15","date_gmt":"2020-09-24T08:48:15","guid":{"rendered":"http:\/\/komarom.egyhazkozseg.hu\/?page_id=9"},"modified":"2026-04-02T17:40:39","modified_gmt":"2026-04-02T15:40:39","slug":"istentiszteleti-rend","status":"publish","type":"page","link":"https:\/\/komarom.egyhazkozseg.hu\/?page_id=9","title":{"rendered":"Istentiszteleti rend"},"content":{"rendered":"<h2>Er\u0151s v\u00e1r a mi Isten\u00fcnk!<\/h2>\r\n<div class=\"entry-content\">\r\n<p>Rendszeres alkalmunk minden vas\u00e1rnap:<\/p>\r\n<p><strong>09.30-t\u00f3l Kom\u00e1rom\u00a0<\/strong>Evang\u00e9likus imah\u00e1zban( M\u00e1rt\u00edrok \u00fatja 10.) Minden h\u00f3nap els\u0151 \u00e9s harmadik vas\u00e1rnapj\u00e1n megter\u00edtj\u00fck az \u00dar asztal\u00e1t! Minden vas\u00e1rnap, az Istentisztelettel p\u00e1rhuzamosan, gyerekalkalmat is tartunk. Szeretettel v\u00e1rjuk a gyermeket is!<\/p>\r\n<p><em>Havi alkalmaink a sz\u00f3rv\u00e1nyokban minden h\u00f3nap m\u00e1sodik vas\u00e1rnapjain:<\/em><\/p>\r\n<p><em><strong>15:00-t\u00f3l \u00a0B\u00e1bolna<\/strong>\u00a0Protest\u00e1ns templom (\u00a0Dr. K\u00f6ves J\u00e1nos u. 2)\u00a0<strong>Minden h\u00f3nap m\u00e1sodik vas\u00e1rnapj\u00e1n.<\/strong><\/em><\/p>\r\n<\/div>\r\n<h4>Szeretettel v\u00e1runk mindekit ezekre az alkalmakra!<\/h4>\r\n<h4><em>\u201cV\u00e9g\u00fcl pedig: er\u0151s\u00f6djetek meg az \u00darban \u00e9s az \u0151 hatalmas erej\u00e9ben.\u201d (Ef 6,10)<\/em><\/h4>\r\n\r\n<p><strong>Felt\u00e1mad\u00e1s \u00fcnnepi menetrend 2026:<\/strong><\/p>\r\n\r\n\r\n\r\n<ul>\r\n<li><strong>04.03- Nagyp\u00e9ntek passi\u00f3 olvas\u00e1ssal<\/strong><br \/>\r\n<ul>\r\n<li><strong>9.30-t\u00f3l Kom\u00e1rom<\/strong><\/li>\r\n<\/ul>\r\n<\/li>\r\n<li><strong>04.05- Felt\u00e1mad\u00e1s \u00fcnnepe<\/strong><br \/>\r\n<ul>\r\n<li style=\"list-style-type: none\">\r\n<ul>\r\n<li><strong>9.30-t\u00f3l Kom\u00e1rom<\/strong><\/li>\r\n<li><strong>15.00-t\u00f3l B\u00e1bolna <\/strong><\/li>\r\n<\/ul>\r\n<\/li>\r\n<\/ul>\r\n<\/li>\r\n<li><strong>H\u00fasv\u00e9t h\u00e9tf\u0151n nem tartunk alkalmat!<\/strong><\/li>\r\n<\/ul>\r\n<p><img fetchpriority=\"high\" decoding=\"async\" class=\"alignnone wp-image-749 size-large\" src=\"http:\/\/komarom.egyhazkozseg.hu\/wp-content\/uploads\/sites\/55\/2022\/02\/Komaromi-ovodas-program-masolata-masolata-masolata-2-1-1024x1024.png\" alt=\"\" width=\"525\" height=\"525\" srcset=\"https:\/\/komarom.egyhazkozseg.hu\/wp-content\/uploads\/sites\/55\/2022\/02\/Komaromi-ovodas-program-masolata-masolata-masolata-2-1-1024x1024.png 1024w, https:\/\/komarom.egyhazkozseg.hu\/wp-content\/uploads\/sites\/55\/2022\/02\/Komaromi-ovodas-program-masolata-masolata-masolata-2-1-300x300.png 300w, https:\/\/komarom.egyhazkozseg.hu\/wp-content\/uploads\/sites\/55\/2022\/02\/Komaromi-ovodas-program-masolata-masolata-masolata-2-1-150x150.png 150w, https:\/\/komarom.egyhazkozseg.hu\/wp-content\/uploads\/sites\/55\/2022\/02\/Komaromi-ovodas-program-masolata-masolata-masolata-2-1-768x768.png 768w, https:\/\/komarom.egyhazkozseg.hu\/wp-content\/uploads\/sites\/55\/2022\/02\/Komaromi-ovodas-program-masolata-masolata-masolata-2-1-1536x1536.png 1536w, https:\/\/komarom.egyhazkozseg.hu\/wp-content\/uploads\/sites\/55\/2022\/02\/Komaromi-ovodas-program-masolata-masolata-masolata-2-1-100x100.png 100w, https:\/\/komarom.egyhazkozseg.hu\/wp-content\/uploads\/sites\/55\/2022\/02\/Komaromi-ovodas-program-masolata-masolata-masolata-2-1.png 1654w\" sizes=\"(max-width: 525px) 100vw, 525px\" \/><\/p>\r\n","protected":false},"excerpt":{"rendered":"<p>Er\u0151s v\u00e1r a mi Isten\u00fcnk! Rendszeres alkalmunk minden vas\u00e1rnap: 09.30-t\u00f3l Kom\u00e1rom\u00a0Evang\u00e9likus imah\u00e1zban( M\u00e1rt\u00edrok \u00fatja 10.) Minden h\u00f3nap els\u0151 \u00e9s harmadik vas\u00e1rnapj\u00e1n megter\u00edtj\u00fck az \u00dar asztal\u00e1t! Minden vas\u00e1rnap, az Istentisztelettel p\u00e1rhuzamosan, [&hellip;]<\/p>\n","protected":false},"author":52,"featured_media":0,"parent":0,"menu_order":0,"comment_status":"closed","ping_status":"closed","template":"","meta":{"_monsterinsights_skip_tracking":false,"_monsterinsights_sitenote_active":false,"_monsterinsights_sitenote_note":"","_monsterinsights_sitenote_category":0,"_themeisle_gutenberg_block_has_review":false,"footnotes":""},"class_list":["post-9","page","type-page","status-publish","hentry"],"_links":{"self":[{"href":"https:\/\/komarom.egyhazkozseg.hu\/index.php?rest_route=\/wp\/v2\/pages\/9","targetHints":{"allow":["GET"]}}],"collection":[{"href":"https:\/\/komarom.egyhazkozseg.hu\/index.php?rest_route=\/wp\/v2\/pages"}],"about":[{"href":"https:\/\/komarom.egyhazkozseg.hu\/index.php?rest_route=\/wp\/v2\/types\/page"}],"author":[{"embeddable":true,"href":"https:\/\/komarom.egyhazkozseg.hu\/index.php?rest_route=\/wp\/v2\/users\/52"}],"replies":[{"embeddable":true,"href":"https:\/\/komarom.egyhazkozseg.hu\/index.php?rest_route=%2Fwp%2Fv2%2Fcomments&post=9"}],"version-history":[{"count":35,"href":"https:\/\/komarom.egyhazkozseg.hu\/index.php?rest_route=\/wp\/v2\/pages\/9\/revisions"}],"predecessor-version":[{"id":1823,"href":"https:\/\/komarom.egyhazkozseg.hu\/index.php?rest_route=\/wp\/v2\/pages\/9\/revisions\/1823"}],"wp:attachment":[{"href":"https:\/\/komarom.egyhazkozseg.hu\/index.php?rest_route=%2Fwp%2Fv2%2Fmedia&parent=9"}],"curies":[{"name":"wp","href":"https:\/\/api.w.org\/{rel}","templated":true}]}}